{"id":7695,"date":"2024-05-17T08:38:09","date_gmt":"2024-05-17T06:38:09","guid":{"rendered":"http:\/\/jfon.fr\/?page_id=7695"},"modified":"2024-05-22T07:20:04","modified_gmt":"2024-05-22T05:20:04","slug":"5b-congres-europeen-desperanto","status":"publish","type":"page","link":"https:\/\/jfon.fr\/index.php\/esperanto-plus-quune-langue\/5b-congres-europeen-desperanto\/","title":{"rendered":"5b-Congr\u00e8s europ\u00e9en d&rsquo;esp\u00e9ranto [*]"},"content":{"rendered":"","protected":true},"excerpt":{"rendered":"","protected":true},"author":1,"featured_media":0,"parent":3387,"menu_order":0,"comment_status":"closed","ping_status":"closed","template":"","meta":{"footnotes":""},"_links":{"self":[{"href":"https:\/\/jfon.fr\/index.php\/wp-json\/wp\/v2\/pages\/7695"}],"collection":[{"href":"https:\/\/jfon.fr\/index.php\/wp-json\/wp\/v2\/pages"}],"about":[{"href":"https:\/\/jfon.fr\/index.php\/wp-json\/wp\/v2\/types\/page"}],"author":[{"embeddable":true,"href":"https:\/\/jfon.fr\/index.php\/wp-json\/wp\/v2\/users\/1"}],"replies":[{"embeddable":true,"href":"https:\/\/jfon.fr\/index.php\/wp-json\/wp\/v2\/comments?post=7695"}],"version-history":[{"count":103,"href":"https:\/\/jfon.fr\/index.php\/wp-json\/wp\/v2\/pages\/7695\/revisions"}],"predecessor-version":[{"id":8135,"href":"https:\/\/jfon.fr\/index.php\/wp-json\/wp\/v2\/pages\/7695\/revisions\/8135"}],"up":[{"embeddable":true,"href":"https:\/\/jfon.fr\/index.php\/wp-json\/wp\/v2\/pages\/3387"}],"wp:attachment":[{"href":"https:\/\/jfon.fr\/index.php\/wp-json\/wp\/v2\/media?parent=7695"}],"curies":[{"name":"wp","href":"https:\/\/api.w.org\/{rel}","templated":true}]}}