{"id":6897,"date":"2023-06-21T14:41:30","date_gmt":"2023-06-21T12:41:30","guid":{"rendered":"http:\/\/jfon.fr\/?page_id=6897"},"modified":"2023-06-21T15:20:43","modified_gmt":"2023-06-21T13:20:43","slug":"3-enseignements","status":"publish","type":"page","link":"https:\/\/jfon.fr\/index.php\/j-j-f-parcours\/3-enseignements\/","title":{"rendered":"3-Enseignements"},"content":{"rendered":"\n<p>Mes enseignements ont port\u00e9 sur :<br><strong>&#8211;<\/strong> la<strong><a href=\"http:\/\/jfon.fr\/index.php\/j-j-f-parcours\/3-enseignements\/opl\/\" target=\"_blank\" rel=\"noreferrer noopener\"> lumi\u00e8re (Photonique et Lasers)<\/a><\/strong><br>    \u2022 essentiellement \u00e0 l&rsquo;Universit\u00e9 de Strasbourg, dans le cadre du Master, option Photonique de l&rsquo;\u00e9cole l&rsquo;\u00e9cole d&rsquo;Ing\u00e9nieurs Physiciens, devenue T\u00e9l\u00e9com Strasbourg<br>    \u2022 et pendant un semestre en 1989 \u00e0 l&rsquo;Universit\u00e9 du Nouveau Mexique, Albuquerque,  USA<\/p>\n\n\n\n<p>&#8211; les<strong> <a href=\"http:\/\/jfon.fr\/index.php\/j-j-f-parcours\/3-enseignements\/vibrations-et-ondes\/\" target=\"_blank\" rel=\"noreferrer noopener\">vibrations et les ondes<\/a><\/strong><br>    \u00e0 l&rsquo;INSA de Strasbourg.<\/p>\n\n\n\n<p><\/p>\n","protected":false},"excerpt":{"rendered":"<p>Mes enseignements ont port\u00e9 sur :&#8211; la lumi\u00e8re (Photonique et Lasers) \u2022 essentiellement \u00e0 l&rsquo;Universit\u00e9 de Strasbourg, dans le cadre du Master, option Photonique de l&rsquo;\u00e9cole l&rsquo;\u00e9cole d&rsquo;Ing\u00e9nieurs Physiciens, devenue T\u00e9l\u00e9com Strasbourg \u2022 et pendant un semestre en 1989 \u00e0 l&rsquo;Universit\u00e9 du Nouveau Mexique, Albuquerque, USA &#8211; les vibrations et les ondes \u00e0 l&rsquo;INSA de &hellip; <\/p>\n<p class=\"link-more\"><a href=\"https:\/\/jfon.fr\/index.php\/j-j-f-parcours\/3-enseignements\/\" class=\"more-link\">Continuer la lecture<span class=\"screen-reader-text\"> de &laquo;&nbsp;3-Enseignements&nbsp;&raquo;<\/span><\/a><\/p>\n","protected":false},"author":1,"featured_media":0,"parent":1059,"menu_order":0,"comment_status":"closed","ping_status":"closed","template":"","meta":{"footnotes":""},"_links":{"self":[{"href":"https:\/\/jfon.fr\/index.php\/wp-json\/wp\/v2\/pages\/6897"}],"collection":[{"href":"https:\/\/jfon.fr\/index.php\/wp-json\/wp\/v2\/pages"}],"about":[{"href":"https:\/\/jfon.fr\/index.php\/wp-json\/wp\/v2\/types\/page"}],"author":[{"embeddable":true,"href":"https:\/\/jfon.fr\/index.php\/wp-json\/wp\/v2\/users\/1"}],"replies":[{"embeddable":true,"href":"https:\/\/jfon.fr\/index.php\/wp-json\/wp\/v2\/comments?post=6897"}],"version-history":[{"count":6,"href":"https:\/\/jfon.fr\/index.php\/wp-json\/wp\/v2\/pages\/6897\/revisions"}],"predecessor-version":[{"id":6928,"href":"https:\/\/jfon.fr\/index.php\/wp-json\/wp\/v2\/pages\/6897\/revisions\/6928"}],"up":[{"embeddable":true,"href":"https:\/\/jfon.fr\/index.php\/wp-json\/wp\/v2\/pages\/1059"}],"wp:attachment":[{"href":"https:\/\/jfon.fr\/index.php\/wp-json\/wp\/v2\/media?parent=6897"}],"curies":[{"name":"wp","href":"https:\/\/api.w.org\/{rel}","templated":true}]}}