{"id":3387,"date":"2020-06-02T10:07:36","date_gmt":"2020-06-02T08:07:36","guid":{"rendered":"http:\/\/jfon.fr\/?page_id=3387"},"modified":"2025-11-20T12:41:03","modified_gmt":"2025-11-20T11:41:03","slug":"esperanto-plus-quune-langue","status":"publish","type":"page","link":"https:\/\/jfon.fr\/index.php\/esperanto-plus-quune-langue\/","title":{"rendered":"03-Esp\u00e9ranto, plus qu&rsquo;une langue"},"content":{"rendered":"\n<h4 class=\"wp-block-heading\">Pourquoi l&rsquo;esp\u00e9ranto<\/h4>\n\n\n\n<p>Pouvoir communiquer de fa\u00e7on \u00e9quitable avec toute autre personne, dans une attitude de bienveillance, de curiosit\u00e9 et d&#8217;empathie, voil\u00e0 l&rsquo;id\u00e9e de d\u00e9part. Zamenhof qui cr\u00e9a les bases de cette langue universelle en 1887, la voyait comme un moyen d&rsquo;\u00e9viter les conflits dans une Europe o\u00f9 la multiplicit\u00e9 des langues \u00e9tait source d&rsquo;incompr\u00e9hension et donc d&rsquo;agression et de m\u00e9fiance. Bien que sans relation aucune avec les religions, au sein desquelles intol\u00e9rance et agressivit\u00e9 sont souvent pr\u00e9sentes, l&rsquo;esp\u00e9ranto pourrait emprunter au bouddhisme quelques principes comme :<br>&#8211; le respect des diff\u00e9rences entre les cultures nationales<br>&#8211; la culture de l&rsquo;amiti\u00e9 au-del\u00e0 des barri\u00e8res g\u00e9ographiques, nationales, religieuses, \u00e9conomiques, etc<br>&#8211; l&rsquo;attitude neutre vis-\u00e0-vis de la politique ou la religion.<\/p>\n\n\n\n<h5 class=\"wp-block-heading\">Autres langues construites<\/h5>\n\n\n\n<p>L&rsquo;esp\u00e9ranto comme langue auxiliaire, \u00e0 vocation v\u00e9hiculaire et universelle, n&rsquo;est pas unique. De nombreuses tentatives de langue construite ont eu lieu. La premi\u00e8re tentative de cr\u00e9ation d\u2019un language universel semble \u00eatre celle de l&rsquo;abbesse Hildegarde de Bingen au 12<sup>\u00e8me<\/sup>si\u00e8cle. Inspir\u00e9e par ses visions mystiques, et anim\u00e9e d\u2019une grande curiosit\u00e9 intellectuelle dans de nombreux domaines, elle \u00e9labora un syst\u00e8me linguistique qui n\u2019alla cependant pas au-del\u00e0 de sa propre personne. <\/p>\n\n\n\n<p>Un peu avant l&rsquo;esp\u00e9ranto il y a eu le <a href=\"https:\/\/fr.wikipedia.org\/wiki\/Volap\u00fck\" target=\"_blank\" rel=\"noreferrer noopener\">volap\u00fck<\/a>, cr\u00e9\u00e9e en 1879-1880 par Johann Martin Schleyer, un pr\u00eatre catholique allemand, qui lors d&rsquo;une insomnie sentit que Dieu lui commandait de cr\u00e9er une langue auxiliaire internationale. Malgr\u00e9 un certain succ\u00e8s jusqu&rsquo;\u00e0 la fin du 19\u00e8me si\u00e8cle, c&rsquo;est finalement l&rsquo;esp\u00e9ranto qui a pris le dessus. Son essor international a commenc\u00e9 avec le premier congr\u00e8s mondial de Boulogne-sur-mer en 1905. Diverses tentatives pour la faire \u00e9voluer ont eu lieu, comme la langue <a href=\"https:\/\/fr.wikipedia.org\/wiki\/Ido\" target=\"_blank\" rel=\"noreferrer noopener\">Ido<\/a> apparue en 1907 qui se voulait encore plus simple que l&rsquo;esp\u00e9ranto. Plus r\u00e9cemment en 1951 a eu lieu une autre tentative celle d&rsquo; <a href=\"https:\/\/fr.wikipedia.org\/wiki\/Interlingua_(IALA)\" target=\"_blank\" rel=\"noreferrer noopener\">interlingua<\/a> une production de l\u2019association am\u00e9ricaine pour une langue auxiliaire internationale, active de 1924 \u00e0 1953. Sa vocation aurait \u00e9t\u00e9, comme pour Ido, de faciliter les \u00e9changes entre scientifiques. Le nombre de locuteurs dans le monde n&rsquo;a pas d\u00e9pass\u00e9 2000. <\/p>\n\n\n\n<p>L&rsquo;esp\u00e9ranto est la langue \u00e0 usage international qui a le mieux r\u00e9sist\u00e9 au temps et reste tr\u00e8s vivante. Avec des pratiquants dans 120 pays, l&rsquo;esp\u00e9ranto accueille 99 % des locuteurs des langues construites et fait l\u2019objet de plus de 95 % des journaux publi\u00e9s dans ces langues. L&rsquo;esp\u00e9ranto est en plein essor gr\u00e2ce \u00e0 l&rsquo;usage g\u00e9n\u00e9ralis\u00e9 d&rsquo;Internet.<\/p>\n\n\n\n<p>L&rsquo;esp\u00e9ranto, une langue internationale sans patrie, avec ses 2 millions de locuteurs r\u00e9partis dans 120 pays, pourrait \u00eatre l\u2019outil \u00e9quitable id\u00e9al pour les \u00e9changes internationaux, mais les fiert\u00e9s nationales veillent \u2026. et les dictatures s\u2019en m\u00e9fient (<em><a rel=\"noreferrer noopener\" href=\"https:\/\/fr.wikipedia.org\/wiki\/La_dan\u011dera_lingvo\" target=\"_blank\">La dan\u011dera lingvo<\/a>&nbsp;<\/em>).<\/p>\n\n\n\n<h4 class=\"wp-block-heading\">Une langue facile?<\/h4>\n\n\n\n<p>La logique qui a pr\u00e9valu \u00e0 la construction de la langue a permis d&rsquo;arriver \u00e0 une langue plus facile \u00e0 apprendre que les autres langues \u00ab\u00a0nationales\u00a0\u00bb. Des \u00e9tudes comparatives ont montr\u00e9 que pour arriver \u00e0 un niveau de ma\u00eetrise permettant d&rsquo;\u00e9changer dans les situations courantes, il faut en nombre d&rsquo;heures d&rsquo;apprentissage pour un Fran\u00e7ais, environ 2000 heures pour l&rsquo;allemand, 1500 heures pour l&rsquo;anglais, 1000 heures pour l&rsquo;espagnol &#8230;.. et 150 heures pour l&rsquo;esp\u00e9ranto. <\/p>\n\n\n\n<h4 class=\"wp-block-heading\">O\u00f9 apprendre et pratiquer l&rsquo;esp\u00e9ranto?<\/h4>\n\n\n\n<p>Si on est \u00e0 Strasbourg, on peut commencer par contacter l&rsquo;Association locale, <a rel=\"noreferrer noopener\" href=\"http:\/\/esperantostrasbourg.free.fr\" data-type=\"URL\" data-id=\"http:\/\/esperantostrasbourg.free.fr\" target=\"_blank\">Esp\u00e9ranto Strasbourg<\/a> affili\u00e9e \u00e0 l&rsquo;Association <a rel=\"noreferrer noopener\" href=\"http:\/\/esperanto.france.est.free.fr\/\" target=\"_blank\">Esp\u00e9ranto France-Est<\/a>. Des cours et stages sont r\u00e9guli\u00e8rement propos\u00e9s aux d\u00e9butants. Les membres de l&rsquo;Association se r\u00e9unissent une fois par mois. Beaucoup d&rsquo;autres villes poss\u00e8dent une association d&rsquo;esp\u00e9ranto. <br>Pour avoir une vision nationale des activit\u00e9s li\u00e9es \u00e0 l&rsquo;esp\u00e9ranto, il convient de consulter le site de <a rel=\"noreferrer noopener\" href=\"https:\/\/esperanto-france.org\/?lang=fr\" target=\"_blank\">Esp\u00e9ranto-France<\/a>. Au niveau international les activit\u00e9s sont coordonn\u00e9es par l&rsquo;Association Universelle d&rsquo;esp\u00e9ranto (<a rel=\"noreferrer noopener\" href=\"https:\/\/uea.org\" target=\"_blank\">U.E.A.<\/a>). Un <a rel=\"noreferrer noopener\" href=\"https:\/\/uea.org\/kongresoj\/UK\" target=\"_blank\">congr\u00e8s mondial<\/a> a lieu chaque ann\u00e9e. Celui de 2022 a eu lieu \u00e0 Montr\u00e9al.<br>Une bonne fa\u00e7on de commencer l&rsquo;apprentissage de la langue est de s&rsquo;inscrire \u00e0 un cours d&rsquo;esp\u00e9ranto sur le net, par exemple : <br>&#8211; <em><a rel=\"noreferrer noopener\" href=\"https:\/\/ikurso.esperanto-france.org\/fr\/cge\/intro.php\" target=\"_blank\">iKurso<\/a><\/em>, un cours en 10 le\u00e7ons pour les d\u00e9butants propos\u00e9 par Esp\u00e9ranto-France<br>&#8211; la m\u00e9thode <em><a rel=\"noreferrer noopener\" href=\"https:\/\/www.duolingo.com\/course\/eo\/fr\/apprends-esp\u00e9ranto\" target=\"_blank\">Duolingo<\/a><\/em>.<br>&#8211; <em><a rel=\"noreferrer noopener\" href=\"http:\/\/kurso.com.br\" target=\"_blank\">Kurso de esperanto<\/a><\/em> en 12 le\u00e7ons.<br>Pour avancer rapidement dans la pratique de la langue, un stage d&rsquo;une semaine \u00e0 Gr\u00e9sillon, la <a rel=\"noreferrer noopener\" href=\"https:\/\/gresillon.org\/?lang=fr\" target=\"_blank\">maison culturelle de l\u2019esp\u00e9ranto<\/a> (Baug\u00e9-en-Anjou dans le Maine-et-Loir) constitue un bon d\u00e9but d&rsquo;immersion ; plusieurs sessions de plusieurs niveaux sont propos\u00e9es chaque ann\u00e9e.<\/p>\n\n\n<div class=\"wp-block-image\">\n<figure class=\"aligncenter size-large\"><img loading=\"lazy\" decoding=\"async\" width=\"1024\" height=\"561\" src=\"http:\/\/jfon.fr\/wp-content\/uploads\/2022\/12\/image-22-1024x561.png\" alt=\"\" class=\"wp-image-5708\" srcset=\"https:\/\/jfon.fr\/wp-content\/uploads\/2022\/12\/image-22-1024x561.png 1024w, https:\/\/jfon.fr\/wp-content\/uploads\/2022\/12\/image-22-300x164.png 300w, https:\/\/jfon.fr\/wp-content\/uploads\/2022\/12\/image-22-768x421.png 768w, https:\/\/jfon.fr\/wp-content\/uploads\/2022\/12\/image-22-1536x842.png 1536w, https:\/\/jfon.fr\/wp-content\/uploads\/2022\/12\/image-22-2048x1122.png 2048w\" sizes=\"(max-width: 767px) 89vw, (max-width: 1000px) 54vw, (max-width: 1071px) 543px, 580px\" \/><figcaption class=\"wp-element-caption\"><em>Le ch\u00e2teau de Gr\u00e9sillon, le lieu de rencontre des esp\u00e9rantistes \u00e0 Baug\u00e9-en-Anjou.<\/em><\/figcaption><\/figure><\/div>\n\n\n<p>Dans de nombreux pays, sont organis\u00e9es des rencontres en esp\u00e9ranto.  Le site \u00ab\u00a0<a href=\"https:\/\/eventaservo.org\" target=\"_blank\" rel=\"noreferrer noopener\">Eventa Servo<\/a>\u00a0\u00bb r\u00e9pertorie tous les \u00e9v\u00e8nements par pays. <\/p>\n\n\n\n<p>L&rsquo;esp\u00e9ranto permet \u00e9galement de voyager \u00ab\u00a0autrement\u00a0\u00bb. Le site [ <a rel=\"noreferrer noopener\" href=\"https:\/\/www.pasportaservo.org\" target=\"_blank\">Pasporta Servo<\/a> ] r\u00e9pertorie les offres de logement gracieux aux pratiquants de la langue, ce qui est facilement atteignable apr\u00e8s moins d&rsquo;un an d&rsquo;apprentissage \u00e0 raison d&rsquo;une le\u00e7on par semaine.<\/p>\n\n\n\n<h4 class=\"wp-block-heading\">Documents et sites d&rsquo;informations<\/h4>\n\n\n\n<ul>\n<li>La <strong>grammaire <\/strong>de l&rsquo;esp\u00e9ranto :<\/li>\n<\/ul>\n\n\n\n<p>           \u2022 sous forme de tableaux en \u2022pdf [<a href=\"http:\/\/www.quaelibet.net\/gramm_eo.html\" target=\"_blank\" rel=\"noreferrer noopener\">Pr\u00e9cis de grammaire d&rsquo;esp\u00e9ranto<\/a>],<\/p>\n\n\n\n<p>           \u2022 et en version moderne et active, celle de Bertilo Wennergren [ <a href=\"https:\/\/bertilow.com\/pmeg\/detala_enhavo.html\" target=\"_blank\" rel=\"noreferrer noopener\">PMEG<\/a> ]<\/p>\n\n\n\n<ul>\n<li><strong>Vocabulaire<\/strong> par th\u00e8mes [<a rel=\"noreferrer noopener\" href=\"https:\/\/arkivo.esperanto-france.org\/divers\/bobin\/mots_eo.htm\" target=\"_blank\">Les mots en esp\u00e9ranto<\/a> ]<\/li>\n<\/ul>\n\n\n\n<ul>\n<li><a href=\"https:\/\/eo.wikipedia.org\/wiki\/Vikipedio:\u0108efpa\u011do\" target=\"_blank\" rel=\"noreferrer noopener\">Wikipedia<\/a> en esp\u00e9ranto<br><\/li>\n<\/ul>\n\n\n\n<ul>\n<li>    <strong>Dictionnaires<\/strong> : <\/li>\n<\/ul>\n\n\n\n<p><a href=\"https:\/\/vortaro.net\" target=\"_blank\" rel=\"noreferrer noopener\">PIV 2020<\/a> &#8211;  <a rel=\"noreferrer noopener\" href=\"https:\/\/reta-vortaro.de\/revo\/dlg\/index-1e.html\" target=\"_blank\">Reta Vortaro<\/a> &#8211;  <a rel=\"noreferrer noopener\" href=\"https:\/\/fr.glosbe.com\/fr\/eo\/esp\u00e9ranto\" target=\"_blank\">Glosbe<\/a>    &#8211; <a href=\"https:\/\/translate.google.com\/?hl=fr&amp;sl=auto&amp;tl=eo&amp;op=translate\" target=\"_blank\" rel=\"noreferrer noopener\">Google traduction<\/a> <\/p>\n\n\n\n<h4 class=\"wp-block-heading\">\u2022 Documents pour d\u00e9butants.<\/h4>\n\n\n\n<p>\u2022 <a href=\"https:\/\/uea.facila.org\" target=\"_blank\" rel=\"noreferrer noopener\">UEA Facila<\/a>.<\/p>\n\n\n\n<h4 class=\"wp-block-heading\">\u2022 Radios et podcasts en esp\u00e9ranto<\/h4>\n\n\n\n<p>\u2022 Une rubrique quotidienne de 5 minutes avec texte \u00e9crit et lu. Sujets tr\u00e8s vari\u00e9s et souvent d&rsquo;actualit\u00e9 : <a rel=\"noreferrer noopener\" href=\"http:\/\/esperantaretradio.blogspot.com\" target=\"_blank\">RetRadio<\/a>. Toutes les \u00e9missions sont accessibles sur la page [<a rel=\"noreferrer noopener\" href=\"https:\/\/archive.org\/details\/esperantaretradio\" target=\"_blank\">Archives de RetRadio<\/a>].<br>\u2022 Quelques \u00e9missions chaque semaine sur la radio polonaise : <a href=\"https:\/\/pola-retradio.org\/\">Pola retradio<\/a>.<br>\u2022 Le podcast de Johannes et Eva. Sujets tr\u00e9s vari\u00e9s. Parfois avec des invit\u00e9s. Dur\u00e9e entre 1 et 1 heure 30 : [ <a rel=\"noreferrer noopener\" href=\"https:\/\/kern.punkto.info\/\" target=\"_blank\">Kern Punkto<\/a> ].<br>\u2022 Le [ <a rel=\"noreferrer noopener\" href=\"https:\/\/stelachiamnurkritikas.wordpress.com\/\" target=\"_blank\">blog de Stela<\/a> ] (esp\u00e9rantiste hongroise) et ses conseils pour pr\u00e9parer des rencontres en esp\u00e9ranto [<a rel=\"noreferrer noopener\" href=\"https:\/\/www.laboren.org\" target=\"_blank\">La bona renkonti\u011do<\/a> ]. Son <a rel=\"noreferrer noopener\" href=\"https:\/\/www.youtube.com\/watch?v=A9BO3Sv1MEE\" target=\"_blank\">t\u00e9moignage<\/a> sur l&rsquo;esp\u00e9ranto qu&rsquo;elle utilise comme une langue maternelle est int\u00e9ressant.<\/p>\n\n\n\n<p>\u2022 Un podcast compl\u00e8tement d\u00e9jant\u00e9 (et pas du tout \u00ab\u00a0convenable\u00a0\u00bb ) du mexicain Carlos et du br\u00e9silien Pietro  : <a rel=\"noreferrer noopener\" href=\"https:\/\/anchor.fm\/lakompanio\/episodes\/La-Famuloj---4---Patrino-Teresa-de-Kolkato-e1o1q5e\" target=\"_blank\">La kompanio.<\/a> (pr\u00e9c\u00e9demment \u00ab\u00a0<em>La Malfamuloj<\/em>\u00ab\u00a0).<\/p>\n\n\n\n<p>\u2022 <a rel=\"noreferrer noopener\" href=\"http:\/\/muzaiko.info\/a\u016dskultu\" target=\"_blank\">Muzaiko<\/a>. Musiques et rubriques en continu en esp\u00e9ranto.<\/p>\n\n\n\n<p>\u2022 Archives des \u00e9missions de Radio Melbourne [ <a href=\"http:\/\/melburno.org.au\/3ZZZradio\/\" target=\"_blank\" rel=\"noreferrer noopener\">3ZZZ.radio<\/a> ]<\/p>\n\n\n\n<p>\u2022 Pr\u00e9sentation de l&rsquo;esp\u00e9ranto \u00e0 France 3 Alsace, \u00e0 l&rsquo;occasion du Congr\u00e8s Europ\u00e9en d&rsquo;esp\u00e9ranto \u00e0 Strasbourg en mai 2024 [ <a href=\"https:\/\/www.youtube.com\/watch?v=G9AH8vB6Ejg\">Lien<\/a> ]<\/p>\n\n\n\n<h4 class=\"wp-block-heading\">\u00c9v\u00e8nements et rencontres.<\/h4>\n\n\n\n<ul>\n<li>Toutes les activit\u00e9s sont annonc\u00e9es sur le site [ <a rel=\"noreferrer noopener\" href=\"https:\/\/eventaservo.org\" target=\"_blank\">Eventa servo<\/a> ] <\/li>\n\n\n\n<li>Les congr\u00e8s annuel d&rsquo;Esp\u00e9ranto-France (\u00e0 H\u00e9rouville-Caen en 2026, 22-25 mai)<\/li>\n\n\n\n<li>Le congr\u00e8s mondial (en 2026 : Graz, Autriche &#8211; 1-8 ao\u00fbt )<\/li>\n<\/ul>\n\n\n\n<h4 class=\"wp-block-heading\">\u2022 Autres Liens<\/h4>\n\n\n\n<ul>\n<li>Bertilo Wernnegen pri esperanto : \u0108u racio a\u016d magio? ( E-o Usona kongreso &#8211; Dalaso, Teksaso 2012) : <a rel=\"noreferrer noopener\" href=\"https:\/\/www.youtube.com\/watch?v=0gjecmAQPUE\" target=\"_blank\">Ligilo<\/a>.<\/li>\n\n\n\n<li>Un bulletin d&rsquo;analyse critique du mouvement esp\u00e9rantiste : [ <a rel=\"noreferrer noopener\" href=\"https:\/\/www.liberafolio.org\/\" target=\"_blank\">Libera folio<\/a> ].<\/li>\n\n\n\n<li>Un <a href=\"http:\/\/jfon.fr\/wp-content\/uploads\/2023\/07\/E-o-Article-Figaro-juill-23.pdf\" target=\"_blank\" rel=\"noreferrer noopener\">article sur l&rsquo;esp\u00e9ranto dans le Figaro<\/a> du 4-07-2023<\/li>\n\n\n\n<li>Pr\u00e9sentation de K Kovats &#8211; subtilit\u00e9s grammaticales : <a href=\"https:\/\/www.youtube.com\/watch?v=ZNVKkgPWE-w\">https:\/\/www.youtube.com\/watch?v=ZNVKkgPWE-w<\/a><\/li>\n\n\n\n<li>El\u00e9ments historiques sur Zamenhof, le cr\u00e9ateur ll&rsquo;esp\u00e9ranto : <a href=\"https:\/\/zamenhof.life\/fr\/\">https:\/\/zamenhof.life\/fr\/<\/a> <\/li>\n<\/ul>\n","protected":false},"excerpt":{"rendered":"<p>Pourquoi l&rsquo;esp\u00e9ranto Pouvoir communiquer de fa\u00e7on \u00e9quitable avec toute autre personne, dans une attitude de bienveillance, de curiosit\u00e9 et d&#8217;empathie, voil\u00e0 l&rsquo;id\u00e9e de d\u00e9part. Zamenhof qui cr\u00e9a les bases de cette langue universelle en 1887, la voyait comme un moyen d&rsquo;\u00e9viter les conflits dans une Europe o\u00f9 la multiplicit\u00e9 des langues \u00e9tait source d&rsquo;incompr\u00e9hension et &hellip; <\/p>\n<p class=\"link-more\"><a href=\"https:\/\/jfon.fr\/index.php\/esperanto-plus-quune-langue\/\" class=\"more-link\">Continuer la lecture<span class=\"screen-reader-text\"> de &laquo;&nbsp;03-Esp\u00e9ranto, plus qu&rsquo;une langue&nbsp;&raquo;<\/span><\/a><\/p>\n","protected":false},"author":1,"featured_media":0,"parent":0,"menu_order":0,"comment_status":"closed","ping_status":"closed","template":"","meta":{"footnotes":""},"_links":{"self":[{"href":"https:\/\/jfon.fr\/index.php\/wp-json\/wp\/v2\/pages\/3387"}],"collection":[{"href":"https:\/\/jfon.fr\/index.php\/wp-json\/wp\/v2\/pages"}],"about":[{"href":"https:\/\/jfon.fr\/index.php\/wp-json\/wp\/v2\/types\/page"}],"author":[{"embeddable":true,"href":"https:\/\/jfon.fr\/index.php\/wp-json\/wp\/v2\/users\/1"}],"replies":[{"embeddable":true,"href":"https:\/\/jfon.fr\/index.php\/wp-json\/wp\/v2\/comments?post=3387"}],"version-history":[{"count":145,"href":"https:\/\/jfon.fr\/index.php\/wp-json\/wp\/v2\/pages\/3387\/revisions"}],"predecessor-version":[{"id":9335,"href":"https:\/\/jfon.fr\/index.php\/wp-json\/wp\/v2\/pages\/3387\/revisions\/9335"}],"wp:attachment":[{"href":"https:\/\/jfon.fr\/index.php\/wp-json\/wp\/v2\/media?parent=3387"}],"curies":[{"name":"wp","href":"https:\/\/api.w.org\/{rel}","templated":true}]}}