{"id":304,"date":"2017-11-12T20:58:04","date_gmt":"2017-11-12T19:58:04","guid":{"rendered":"http:\/\/jfon.fr\/?page_id=304"},"modified":"2023-06-21T15:04:36","modified_gmt":"2023-06-21T13:04:36","slug":"vibrations-et-ondes","status":"publish","type":"page","link":"https:\/\/jfon.fr\/index.php\/j-j-f-parcours\/3-enseignements\/vibrations-et-ondes\/","title":{"rendered":"Vibrations et Ondes"},"content":{"rendered":"<h2>Vibrations &amp; Ondes<\/h2>\n<p><em>\u00a0INSA de Strasbourg &#8211; jusqu&rsquo;en 2019<\/em><\/p>\n<p>Vibrations et Ondes. Sommaire. R\u00e9f\u00e9rences.\u00a0<\/p>\n<p>\u00a0 \u00a0 \u00a0 \u00a0 \u00a0 [ <a href=\"http:\/\/jfon.fr\/wp-content\/uploads\/2017\/11\/VO-0-1-Somm-Bibl.pdf\">V&amp;O-0-1-Somm-Bibl<\/a>\u00a0]<\/p>\n<p>Vibrations et Ondes. Constantes. Notation.<\/p>\n<p>\u00a0 \u00a0 \u00a0 \u00a0 \u00a0 [ <a href=\"http:\/\/jfon.fr\/wp-content\/uploads\/2017\/11\/VO-0-2-Constantes-Notation.pdf\">V&amp;O-0-2-Constantes-Notation<\/a>\u00a0]<\/p>\n<p>V&amp;O-ch 1 &#8211; Oscillateurs \u00e0 1 degr\u00e9 de libert\u00e9.<\/p>\n<p>\u00a0 \u00a0 \u00a0 \u00a0 \u00a0 \u00a0[ \u00a0<a href=\"http:\/\/jfon.fr\/wp-content\/uploads\/2017\/11\/VO-1-V-1ddl.pdf\">V&amp;O-1-V-1ddl<\/a> ]<\/p>\n<p>V&amp;O-ch 2 &#8211; Oscillateurs \u00e0 n degr\u00e9s de libert\u00e9.<\/p>\n<p>\u00a0 \u00a0 \u00a0 \u00a0 \u00a0 \u00a0[ <a href=\"http:\/\/jfon.fr\/wp-content\/uploads\/2017\/11\/VO-2-V_S-nddl.pdf\">V&amp;O-2-V_S-nddl<\/a>\u00a0 ]<\/p>\n<p>V&amp;O-ch 3 &#8211; Oscillateurs continus.<\/p>\n<p>\u00a0 \u00a0 \u00a0 \u00a0 \u00a0 [ <a href=\"http:\/\/jfon.fr\/wp-content\/uploads\/2017\/11\/VO-3-V_Continus.pdf\">V&amp;O-3-V_Continus<\/a>\u00a0]<\/p>\n<p>V&amp;O-ch 4 &#8211; Les ondes. Introduction.<\/p>\n<p>\u00a0 \u00a0 \u00a0 \u00a0 \u00a0 [ <a href=\"http:\/\/jfon.fr\/wp-content\/uploads\/2017\/11\/VO-4-Ondes-Intro.pdf\">V&amp;O-4-Ondes-Intro<\/a>\u00a0 ]<\/p>\n<p>V&amp;O-ch 5a-Ondes progressives. (a) Cas m\u00e9caniques.<\/p>\n<p>\u00a0 \u00a0 \u00a0 \u00a0 \u00a0 [ <a href=\"http:\/\/jfon.fr\/wp-content\/uploads\/2017\/11\/VO-5a-O-Progressives-Cas_m\u00e9ca-Acoust.pdf\">V&amp;O-5a-O-Progressives-Cas_m\u00e9ca-Acoust<\/a>\u00a0 ]<\/p>\n<p>V&amp;O-ch 5b-Ondes progressives. (b) Cas \u00e9lectriques et \u00e9lectromagn\u00e9tiques.<\/p>\n<p>\u00a0 \u00a0 \u00a0 \u00a0 \u00a0 [ <a href=\"http:\/\/jfon.fr\/wp-content\/uploads\/2017\/11\/VO-5b-O-Progressives-Cas_\u00e9lec-\u00e9m.pdf\">V&amp;O-5b-O-Progressives-Cas_\u00e9lec-\u00e9m<\/a>\u00a0]<\/p>\n<p>V&amp;O-ch 6a-Ondes stationnaires. R\u00e9flexions aux interfaces &#8211; cas m\u00e9caniques<\/p>\n<p>\u00a0 \u00a0 \u00a0 \u00a0 \u00a0 [ <a href=\"http:\/\/jfon.fr\/wp-content\/uploads\/2017\/11\/VO-6a-Refl-Transm-O-Stat-M\u00c9CA.pdf\">V&amp;O-6a-Refl-Transm-O-Stat-M\u00c9CA<\/a>\u00a0]<\/p>\n<p>V&amp;O-ch 6b-Ondes stationnaires. R\u00e9flexions aux interfaces &#8211; cas \u00e9lectriques et \u00e9lectromagn\u00e9tiques.<\/p>\n<p>\u00a0 \u00a0 \u00a0 \u00a0 \u00a0 [ <a href=\"http:\/\/jfon.fr\/wp-content\/uploads\/2017\/11\/VO-6b-Refl-Transm-O-Stat-\u00c9LEC.pdf\">V&amp;O-6b-Refl-Transm-O-Stat-\u00c9LEC<\/a>\u00a0 ]<\/p>\n<h2>Exemples d&rsquo;ouvages sur le th\u00e8me.<\/h2>\n<p>\u2022 \u00a0\u00a0<strong>\u00ab\u00a0Vibrations, Ondes\u00a0\u00bb \u2013 Physique LMD-Universit\u00e9s-Ecoles d\u2019ing\u00e9nieurs<\/strong>. Ellipses, 2008 \u2013 B. Insa de Strasbourg D 7b BRU<\/p>\n<p>\u00a0 \u00a0 \u00a0 \u00a0 \u00a0 [ <a href=\"http:\/\/www.editions-ellipses.fr\/product_info.php?products_id=6562\">Lien \u00e9diteur<\/a>]<\/p>\n<p>\u2022 <strong>\u00a0\u00ab Vibrations et Ondes \u00bb &#8211; Tamer B\u00e9cherrawy &#8211; Hermes-Lavoisier<\/strong>, ISBN 978-2-7462-2556-5 &#8211; 2010 &#8211; B. Insa de Strasbourg D 7b Aut. BEC<\/p>\n<p>\u00a0 \u00a0 \u00a0 \u00a0 \u00a0 [ <a href=\"https:\/\/www.eyrolles.com\/Sciences\/Livre\/vibrations-et-ondes-9782746225565\">Lien \u00e9diteur<\/a> ]<\/p>\n<p>\u2022 \u00a0\u00ab <strong>Ondes et vibrations. Applications \u00e0 l&rsquo;acoustique et la diffusion de la chaleu<\/strong>r \u00bb Dunod, Ronan Lefort, Ing\u00e9nieur INSA, MCF \u00e0 l\u2019universit\u00e9 de Rennes, Cours, exercices et probl\u00e8mes, Niveau Licence 3 et Master 1, Ecoles d\u2019ing\u00e9nieurs, janvier 2017 \u2013 ISBN : 978-2-10-075943-9\u00a0\u00a0<\/p>\n<p>\u00a0 \u00a0 \u00a0 \u00a0 \u00a0 [ <a href=\"https:\/\/www.dunod.com\/sciences-techniques\/ondes-et-vibrations-fondamentaux-et-applications-acoustique-et-diffusion-chaleur\">Lien \u00e9diteur<\/a>]<\/p>\n<p>\u00a0<\/p>\n<h2>Pages INTERNET sur le th\u00e8me.<\/h2>\n<h3>Sur les oscillateurs \u00e0 1 degr\u00e9 de libert\u00e9 (ch 1)<\/h3>\n<ul>\n<li>Oscillateur m\u00e9canique (<a href=\"http:\/\/ressources.univ-lemans.fr\/AccesLibre\/UM\/Pedago\/physique\/02\/meca\/harmoressort.html\">masse-ressort horizontal<\/a>) (UM -Univ du Mans)<\/li>\n<li>\u00a0<a href=\"http:\/\/ressources.univ-lemans.fr\/AccesLibre\/UM\/Pedago\/physique\/02\/meca\/harmoexci.html\">Oscillateur m-K vertical en r\u00e9gime permanent<\/a> (UM)<\/li>\n<li><a href=\"http:\/\/www.acs.psu.edu\/drussell\/Demos\/SHO\/damp.html\">Oscillateur amorti<\/a> (Daniel A. Russell, Graduate Program in Acoustics, The Pennsylvania State University)<\/li>\n<li><a href=\"http:\/\/www.acs.psu.edu\/drussell\/Demos\/SHO\/mass-force.html\">Forced harmonic oscillation<\/a> (Daniel A. Russell, Pen State Univ)<\/li>\n<li><a href=\"http:\/\/www.acs.psu.edu\/drussell\/Demos\/phase-diagram\/phase-diagram.html\">Phase diagram of an oscillator<\/a> (Daniel A. Russell, Pen State Univ)<\/li>\n<li><a href=\"http:\/\/ressources.univ-lemans.fr\/AccesLibre\/UM\/Pedago\/physique\/02\/meca\/resohelm.html\">R\u00e9sonateur de Helmholtz<\/a> (UM)<\/li>\n<li><a href=\"https:\/\/www.youtube.com\/watch?v=iyw4AcZuj5k\">R\u00e9sonance &#8211; une illustration<\/a> (video YouTube)<\/li>\n<li><a href=\"http:\/\/ressources.univ-lemans.fr\/AccesLibre\/UM\/Pedago\/physique\/02\/meca\/mantires.html\">Antir\u00e9sonance<\/a> (UM)<\/li>\n<li><a href=\"https:\/\/www.dailymotion.com\/video\/xj1vh0_boule-amortisseur-tour-101-de-taipei_webcam\">Antir\u00e9sonance : une application dans un gratte-ciel de Taipei<\/a> (video)<\/li>\n<\/ul>\n<h3>Sur les oscillateurs \u00e0 plusieurs ddl (ch 2)<\/h3>\n<ul>\n<li><a href=\"http:\/\/ressources.univ-lemans.fr\/AccesLibre\/UM\/Pedago\/physique\/02\/meca\/couplage.html\">\u00a0Oscillateur K-m \u00e0 2 ddl<\/a> (couplage) (UM)<\/li>\n<li><a href=\"http:\/\/ressources.univ-lemans.fr\/AccesLibre\/UM\/Pedago\/physique\/02\/meca\/pendcoup.html\">Pendule \u00e9lastique \u00e0 2 ddl<\/a> (UM)<\/li>\n<li><a href=\"http:\/\/ressources.univ-lemans.fr\/AccesLibre\/UM\/Pedago\/physique\/02\/meca\/torsion.html\">Pendule de torsion \u00e0 2 ddl<\/a> (UM)<\/li>\n<li><a href=\"http:\/\/ressources.univ-lemans.fr\/AccesLibre\/UM\/Pedago\/physique\/02\/meca\/chaine.html\">Oscillateur \u00e0 plusieurs ddl (longitudinal)<\/a> (UM)<\/li>\n<li><a href=\"http:\/\/www.acs.psu.edu\/drussell\/Demos\/multi-dof-springs\/multi-dof-springs.html\">Modes propres d&rsquo;un syst\u00e8me \u00e0 plusieurs ddl<\/a> (Daniel A. Russell, Pen State Univ)<\/li>\n<\/ul>\n<h3>Sur les oscillateurs continus (ch 3)<\/h3>\n<ul>\n<li><a href=\"http:\/\/ressources.univ-lemans.fr\/AccesLibre\/UM\/Pedago\/physique\/02\/meca\/barrevib.html\">Modes propres d&rsquo;une poutre<\/a> (UM)<\/li>\n<li><a href=\"https:\/\/www.youtube.com\/watch?v=XkmgMkDKAyU\">Vibrations d&rsquo;une poutre<\/a> &#8211; video YouTube<\/li>\n<li><a href=\"http:\/\/www.acs.psu.edu\/drussell\/Demos\/HangChain\/HangChain.html\">Mode Shapes for a Hanging Chain<\/a> (Daniel A. Russell, Pen State Univ )<\/li>\n<li><a href=\"http:\/\/ressources.univ-lemans.fr\/AccesLibre\/UM\/Pedago\/physique\/02\/meca\/plaquer.html\">Modes propres d&rsquo;une plaque<\/a> (UM)<\/li>\n<li>Modes d&rsquo;une plaque (2) \u00a0[<a href=\"https:\/\/www.youtube.com\/watch?v=6kLmlbkWJZ8\">Au palais de la d\u00e9couverte<\/a>]<\/li>\n<li><a href=\"https:\/\/www.youtube.com\/watch?v=wvJAgrUBF4w\">Vibrations d&rsquo;une plaque &#8211; R\u00e9sonance<\/a> (video YouTube)<\/li>\n<li>\n<p class=\"title style-scope ytd-video-primary-info-renderer\"><a href=\"https:\/\/www.youtube.com\/watch?v=CGiiSlMFFlI\">Circular Centered Chladni Plate<\/a> ( video YouTube)<\/p>\n<\/li>\n<li><a href=\"https:\/\/www.youtube.com\/watch?v=j-zczJXSxnw\">R\u00e9sonance : le pont de Tacoma<\/a> \u00a0(video)<\/li>\n<li><a href=\"https:\/\/www.youtube.com\/watch?v=4PnlDAHW9co\">et celui de Volgograd<\/a> (video)<\/li>\n<\/ul>\n<h3>Sur les notions de bases sur les ondes (ch 4)<\/h3>\n<ul>\n<li><a href=\"http:\/\/www.acs.psu.edu\/drussell\/Demos\/waves-intro\/waves-intro.html\">What is a wave<\/a> (Daniel A. Russell, Pen State Univ)<\/li>\n<li><a href=\"http:\/\/www.acs.psu.edu\/drussell\/Demos\/waves\/wavemotion.html\">Types d&rsquo;ondes<\/a> (Daniel A. Russell, Pen State Univ)<\/li>\n<li><a href=\"http:\/\/ressources.univ-lemans.fr\/AccesLibre\/UM\/Pedago\/physique\/02\/meca\/ondetran.html\">Propagation d&rsquo;une onde \u00e9lastique<\/a> (transversale &#8211; longitudinale) (UM-Universit\u00e9 du Mans)<\/li>\n<li><a href=\"http:\/\/ressources.univ-lemans.fr\/AccesLibre\/UM\/Pedago\/physique\/02\/meca\/ondeprog.html\">Onde progressive transversale<\/a> (UM-Universit\u00e9 du Mans)<\/li>\n<li><a href=\"http:\/\/www.acs.psu.edu\/drussell\/Demos\/superposition\/superposition.html\">Superposition of waves<\/a> (Daniel A. Russell, Pen State Univ)<\/li>\n<li><a href=\"http:\/\/ressources.univ-lemans.fr\/AccesLibre\/UM\/Pedago\/physique\/02\/meca\/vitgroupe.html\">Vitesse de groupe et de phase<\/a> (UM)<\/li>\n<li><a href=\"http:\/\/ressources.univ-lemans.fr\/AccesLibre\/UM\/Pedago\/physique\/02\/meca\/ondedisp.html\">Dispersion<\/a> (UM)<\/li>\n<li><a href=\"http:\/\/ressources.univ-lemans.fr\/AccesLibre\/UM\/Pedago\/physique\/02\/optiondu\/diffresnel.html\">Diffraction<\/a> (UM)<\/li>\n<li><a href=\"http:\/\/ressources.univ-lemans.fr\/AccesLibre\/UM\/Pedago\/physique\/02\/meca\/doppler.html\">Effet Doppler<\/a> (UM)<\/li>\n<li><a href=\"http:\/\/www.acs.psu.edu\/drussell\/Demos\/doppler\/doppler.html\">Doppler effect<\/a> (Daniel A. Russell, Pen State Univ)<\/li>\n<li><a href=\"http:\/\/www.acs.psu.edu\/drussell\/Demos\/Fourier\/Fourier.html\">Fourier series and waves<\/a> (Daniel A. Russell, Pen State Univ)<\/li>\n<\/ul>\n<h3>Sur les ondes progressives (ch 5)<\/h3>\n<ul>\n<li><a href=\"http:\/\/www.acs.psu.edu\/drussell\/Demos\/phase-p-u\/phase-p-u.html\">Acoustic wave &#8211; phase diff\u00e9rence between pressure and particle velocity <\/a>(Daniel A. Russell, Pen State Univ)<\/li>\n<li><a href=\"http:\/\/ressources.univ-lemans.fr\/AccesLibre\/UM\/Pedago\/physique\/02\/mnmecanique.html\">Corde vibrante excit\u00e9e<\/a> (UM)<\/li>\n<li><a href=\"http:\/\/ressources.univ-lemans.fr\/AccesLibre\/UM\/Pedago\/physique\/02\/meca\/tuyau.html\">Tuyau sonore<\/a> (UM)<\/li>\n<li><a href=\"http:\/\/www.acs.psu.edu\/drussell\/Demos\/StandingWaves\/StandingWaves.html\">Standing sound waves<\/a> ( Daniel A. Russell, Pen State Univ)<\/li>\n<li><a href=\"http:\/\/f5zv.pagesperso-orange.fr\/RADIO\/RM\/RM07\/RM07f\/RM07f06.htm\">Ondes progressives dans un c\u00e2ble \u00e9lectrique<\/a> (<b>site de F5ZV<\/b>)<\/li>\n<li><a href=\"http:\/\/ressources.univ-lemans.fr\/AccesLibre\/UM\/Pedago\/physique\/02\/electri\/oem1.html\">Onde \u00e9lectromagn\u00e9tique<\/a> (UM)<\/li>\n<li><a href=\"http:\/\/ressources.univ-lemans.fr\/AccesLibre\/UM\/Pedago\/physique\/02\/meca\/battement.html\">Battement sonore<\/a> (UM)<\/li>\n<li><a href=\"https:\/\/fr.science-questions.org\/comment_ca_marche\/158\/Polarisation_de_la_lumiere\/\">La polarisation de l&rsquo;onde \u00e9m<\/a>.<\/li>\n<li><a href=\"https:\/\/en.wikipedia.org\/wiki\/Polarization_(waves)#mediaviewer\/File:Rising_circular.gif\">Polarisation circulaire<\/a> (wkpd )<\/li>\n<\/ul>\n<h3>Sur les ondes stationnaires (ch 6)<\/h3>\n<ul>\n<li><a href=\"http:\/\/ressources.univ-lemans.fr\/AccesLibre\/UM\/Pedago\/physique\/02\/meca\/reflexondes.html\">R\u00e9flexion-transmission<\/a> (UM)<\/li>\n<li><a href=\"http:\/\/ressources.univ-lemans.fr\/AccesLibre\/UM\/Pedago\/physique\/02\/optiondu\/refracanim.html\">R\u00e9fraction<\/a> (UM)<\/li>\n<li><a href=\"http:\/\/ressources.univ-lemans.fr\/AccesLibre\/UM\/Pedago\/physique\/02\/meca\/ondesta.html\">Onde stationnaire<\/a> (UM)<\/li>\n<li><a href=\"http:\/\/www.acs.psu.edu\/drussell\/Demos\/reflect\/reflect.html\">Reflection of waves from boundries<\/a> (Daniel A. Russell, Pen State Univ)<\/li>\n<li>\u00a0<a href=\"http:\/\/f5zv.pagesperso-orange.fr\/RADIO\/RM\/RM07\/RM07f\/RM07f04.htm\">Ondes stationnaires dans les c\u00e2bles<\/a> .<\/li>\n<\/ul>\n<h3>\u00a0<\/h3>\n\n\n<p><\/p>\n","protected":false},"excerpt":{"rendered":"<p>Vibrations &amp; Ondes \u00a0INSA de Strasbourg &#8211; jusqu&rsquo;en 2019 Vibrations et Ondes. Sommaire. R\u00e9f\u00e9rences.\u00a0 \u00a0 \u00a0 \u00a0 \u00a0 \u00a0 [ V&amp;O-0-1-Somm-Bibl\u00a0] Vibrations et Ondes. Constantes. Notation. \u00a0 \u00a0 \u00a0 \u00a0 \u00a0 [ V&amp;O-0-2-Constantes-Notation\u00a0] V&amp;O-ch 1 &#8211; Oscillateurs \u00e0 1 degr\u00e9 de libert\u00e9. \u00a0 \u00a0 \u00a0 \u00a0 \u00a0 \u00a0[ \u00a0V&amp;O-1-V-1ddl ] V&amp;O-ch 2 &#8211; Oscillateurs \u00e0 &hellip; <\/p>\n<p class=\"link-more\"><a href=\"https:\/\/jfon.fr\/index.php\/j-j-f-parcours\/3-enseignements\/vibrations-et-ondes\/\" class=\"more-link\">Continuer la lecture<span class=\"screen-reader-text\"> de &laquo;&nbsp;Vibrations et Ondes&nbsp;&raquo;<\/span><\/a><\/p>\n","protected":false},"author":1,"featured_media":0,"parent":6897,"menu_order":0,"comment_status":"closed","ping_status":"closed","template":"","meta":{"footnotes":""},"_links":{"self":[{"href":"https:\/\/jfon.fr\/index.php\/wp-json\/wp\/v2\/pages\/304"}],"collection":[{"href":"https:\/\/jfon.fr\/index.php\/wp-json\/wp\/v2\/pages"}],"about":[{"href":"https:\/\/jfon.fr\/index.php\/wp-json\/wp\/v2\/types\/page"}],"author":[{"embeddable":true,"href":"https:\/\/jfon.fr\/index.php\/wp-json\/wp\/v2\/users\/1"}],"replies":[{"embeddable":true,"href":"https:\/\/jfon.fr\/index.php\/wp-json\/wp\/v2\/comments?post=304"}],"version-history":[{"count":47,"href":"https:\/\/jfon.fr\/index.php\/wp-json\/wp\/v2\/pages\/304\/revisions"}],"predecessor-version":[{"id":6919,"href":"https:\/\/jfon.fr\/index.php\/wp-json\/wp\/v2\/pages\/304\/revisions\/6919"}],"up":[{"embeddable":true,"href":"https:\/\/jfon.fr\/index.php\/wp-json\/wp\/v2\/pages\/6897"}],"wp:attachment":[{"href":"https:\/\/jfon.fr\/index.php\/wp-json\/wp\/v2\/media?parent=304"}],"curies":[{"name":"wp","href":"https:\/\/api.w.org\/{rel}","templated":true}]}}