{"id":2608,"date":"2020-04-05T11:54:21","date_gmt":"2020-04-05T09:54:21","guid":{"rendered":"http:\/\/jfon.fr\/?page_id=2608"},"modified":"2024-05-21T16:38:28","modified_gmt":"2024-05-21T14:38:28","slug":"vivre-en-physicien-quest-a-dire","status":"publish","type":"page","link":"https:\/\/jfon.fr\/index.php\/physique-preambule\/vivre-en-physicien-quest-a-dire\/","title":{"rendered":"1-Vivre en Physicien"},"content":{"rendered":"<div class=\"wp-block-image\">\n<figure class=\"aligncenter size-large\"><img loading=\"lazy\" decoding=\"async\" width=\"1024\" height=\"282\" src=\"http:\/\/jfon.fr\/wp-content\/uploads\/2019\/11\/Guad-P\u00e0P-Coucher-soleil-2-1024x282.jpg\" alt=\"\" class=\"wp-image-1457\" srcset=\"https:\/\/jfon.fr\/wp-content\/uploads\/2019\/11\/Guad-P\u00e0P-Coucher-soleil-2-1024x282.jpg 1024w, https:\/\/jfon.fr\/wp-content\/uploads\/2019\/11\/Guad-P\u00e0P-Coucher-soleil-2-300x83.jpg 300w, https:\/\/jfon.fr\/wp-content\/uploads\/2019\/11\/Guad-P\u00e0P-Coucher-soleil-2-768x212.jpg 768w\" sizes=\"(max-width: 767px) 89vw, (max-width: 1000px) 54vw, (max-width: 1071px) 543px, 580px\" \/><figcaption class=\"wp-element-caption\"><em>Pointe-\u00e0-Pitre<\/em> &#8211; Nov 2019<\/figcaption><\/figure><\/div>\n\n<p><em>\u00ab La Physique, c\u2019est vraiment compliqu\u00e9, je n\u2019y comprends rien<\/em> \u00bb. J&rsquo;ai souvent entendu cette affirmation. La fa\u00e7on dont cette discipline est enseign\u00e9e \u00e0 l\u2019\u00e9cole, en est-elle la cause ou est-ce la tendance naturelle de notre cerveau \u00e0 chercher satisfaction dans ce qui demande le moins d\u2019effort ?<\/p>\n<p>La Physique demande un effort, mais apr\u00e8s cet effort, c&rsquo;est le r\u00e9confort assur\u00e9. Le plaisir de la Physique ne r\u00e9side pas dans les satisfactions imm\u00e9diates li\u00e9es aux n\u00e9cessit\u00e9s vitales, mais dans l&rsquo;approche du monde par \u00a0l&rsquo;exercice de la raison, sans c\u00e9der aux sir\u00e8nes des gourous de toute nature. Ob\u00e9ir aux lois de la Physique est une n\u00e9cessit\u00e9, autant le faire consciemment. Vivre en Physicien procure le plaisir supr\u00eame que toute forme d&rsquo;\u00e9picurisme ne peut que renforcer. Et sans l&rsquo;approche physique, toute philosophie me para\u00eet vaine.<\/p>\n<p>Mes arguments sont les suivants.<\/p>\n<ul>\n<li>Notre corps est un syst\u00e8me physique \u00e9voluant dans un environnement physique. Que nous ne le voulions ou pas, la loi de la gravitation universelle, se traduisant au quotidien par la pesanteur qui nous relie \u00e0 la Terre, s\u2019applique \u00e0 tous.<\/li>\n<li>Nous \u00e9changeons avec nos semblables et avec le milieu environnant au moyen d\u2019ondes : le son, la lumi\u00e8re.<\/li>\n<li>Toute notre existence est organis\u00e9e autour des concepts d\u2019\u00e9nergie, d\u2019espace, de temps, ces concepts fondamentaux de la physique dont nous avons une connaissance intuitive, mais qu\u2019il serait vain de d\u00e9finir par d\u2019autres mots.<\/li>\n<\/ul>\n<p>On peut s\u2019en tenir \u00e0 ces constatations ou essayer d\u2019aller plus loin, incit\u00e9 par notre besoin d\u2019agir et de comprendre. Laissons de c\u00f4t\u00e9 la trajectoire de l\u2019Ing\u00e9nieur ou du Technicien qui de toute \u00e9vidence doit payer un lourd tribut \u00e0 l\u2019\u00e9tude des lois physiques. Qu\u2019en est-il des Autres, tous les Autres.<\/p>\n<p>Commen\u00e7ons la recherche du \u00ab bien-\u00eatre \u00bb et\/ou de la \u00ab sagesse \u00bb. Cette recherche ne peut pas faire abstraction de la Physique. Bien des disciplines dites orientales, mais aujourd\u2019hui mondialis\u00e9es, comme le yoga, n\u2019incluent-elles pas un ensemble d\u2019exercices physiques visant une baisse des \u00ab tensions \u00bb (encore de la physique) indispensable \u00e0 la s\u00e9r\u00e9nit\u00e9 de l\u2019 \u00ab esprit \u00bb, et donc du bien-\u00eatre ?<\/p>\n<p>Et puis il y a la discipline supr\u00eame, la \u00ab philosophie \u00bb. Une grande partie de l\u2019histoire de la pens\u00e9e humaine se cache derri\u00e8re ce concept. Limit\u00e9e pendant l\u2019antiquit\u00e9 et les si\u00e8cles qui ont suivi \u00e0 une minorit\u00e9 lib\u00e9r\u00e9e des contingences\u00a0 mat\u00e9rielles, la \u00ab philosophie \u00bb devrait \u00eatre l\u2019apanage de tous. On devrait \u00eatre initi\u00e9 d\u00e8s le plus jeune \u00e2ge, \u00e0 \u00ab vivre en Philosophe \u00bb &#8230;. et c&rsquo;est le compl\u00e9ment de l&rsquo;attitude physicienne. Toute Philosophie qui ne s\u2019appuierait pas sur la r\u00e9alit\u00e9 physique n&rsquo;est que chim\u00e8re.\u00a0<\/p>\n<p><strong>Quelques POSTULATS pour une\u00a0 \u00ab\u00a0attitude physicienne\u00a0\u00bb\u00a0 (une vision personnelle susceptible d\u2019\u00e9voluer)<\/strong>.<\/p>\n<ul>\n<li>L\u2019Univers est UN et \u00c9TERNEL.<\/li>\n<li>Nous ne pourrons pas acc\u00e9der \u00e0 la R\u00c9ALIT\u00c9 ultime\u00a0; notre repr\u00e9sentation de cette r\u00e9alit\u00e9, restera toujours partielle et la vie telle que nous la connaissons aura disparu de ce coin de l\u2019Univers avant qu\u2019on ait pu toucher\/imaginer la r\u00e9alit\u00e9 \u00ab\u00a0ultime\u00a0\u00bb.<\/li>\n<li>Nous ne pouvons pas non plus exprimer cette R\u00c9ALIT\u00c9 ultime car nos sens et notre imagination, notre langage sont limit\u00e9s. Pour nos sens, c\u2019est \u00e9vident\u00a0; nos instruments nous ont permis d\u2019aller plus loin et interagir avec l\u2019univers en utilisant des formes d\u2019\u00e9nergie que nous pouvons seulement imaginer.<\/li>\n<li>Il est illusoire d\u2019esp\u00e9rer pouvoir d\u00e9crire le monde \u00ab\u00a0r\u00e9el\u00a0\u00bb avec des mots uniquement. Nous le faisons parce que nous n\u2019avons pas le choix. Les termes qu\u2019utilisent les Physiciens peuvent-ils vraiment nous aider\u00a0? Un peu, mais avec des limites vite atteintes &#8230;.<\/li>\n<li>Avec la Physique Quantique. Un changement de paradigme s\u2019est produit dans les ann\u00e9es 20 du 20<sup>\u00e8me<\/sup> si\u00e8cle. L\u2019attitude \u00ab\u00a0non r\u00e9aliste\u00a0\u00bb s\u2019est r\u00e9pandue dans le monde des Physiciens avec l\u2019av\u00e8nement de la Physique quantique\u00a0: l\u2019intuition bas\u00e9e sur l\u2019observation \u00e0 l\u2019\u00e9chelle macroscopique ne nous \u00e9tait plus d\u2019aucune aide pour la description du monde microscopique, \u00e0 l\u2019\u00e9chelle des constituants \u00e9l\u00e9mentaires de la mati\u00e8re. J\u2019inclus dans la liste des POSTULATS, l\u2019acceptation de cette attitude, m\u00eame si le grand Albert lui-m\u00eame n\u2019y a pas \u00e9t\u00e9 favorable.<\/li>\n<li>Les mod\u00e8les et th\u00e9ories actuelles sont incompl\u00e8tes &#8230;. et le resteront. Cela a toujours \u00e9t\u00e9 le cas et je ne vois pas pourquoi nous aurions atteint un niveau o\u00f9 tout serait expliqu\u00e9. Au d\u00e9but du 20<sup>\u00e8me<\/sup> si\u00e8cle d\u00e9j\u00e0, l\u2019id\u00e9e qu\u2019il ne restait plus grand-chose \u00e0 d\u00e9couvrir faisait son chemin &#8230; puis est arriv\u00e9 Albert Einstein &#8230;. Aujourd\u2019hui il y une tendance \u00e0 l\u2019autre extr\u00eame : l\u2019id\u00e9e que la mati\u00e8re et l\u2019\u00e9nergie connue ( !) ne serait qu\u2019une faible partie de l\u2019univers, semble partag\u00e9e par beaucoup &#8230; mati\u00e8re noire et \u00e9nergie sombre sont recherch\u00e9es par les plus audacieux, une fa\u00e7on de repousser l\u2019horizon de la connaissance au niveau le plus fondamental. \u00c9lucubrations de th\u00e9oriciens (un peu trop, me semble-t-il) d\u00e9tach\u00e9s de la r\u00e9alit\u00e9 ? Revisiter les id\u00e9es d\u2019Einstein et d\u2019autres autour de la non constance de la \u00ab constante cosmologique \u00bb suffit pour expliquer les fameuses observations des \u00e9toiles qui tournent trop vite dans leurs galaxies respectives , dixit la physique actuelle &#8230;. Le \u00ab mystique \u00bb n\u2019est jamais tr\u00e8s loin du \u00ab physique \u00bb, qui se pr\u00e9tend non \u00ab m\u00e9taphysique \u00bb &#8230;<\/li>\n<\/ul>\n<p>A une \u00e9chelle plus modeste, au sein des mat\u00e9riaux de notre quotidien, les probl\u00e8mes non r\u00e9solus sont innombrables, mais trop complexes pour nos adeptes de la mati\u00e8re noire &#8230; Sans m\u00eame \u00e9voquer le comportement d\u2019un paquet mol\u00e9culaire, pas plus grand qu\u2019un centi\u00e8me de micron, nomm\u00e9 SARS-CoV-2, qui met \u00e0 genoux l\u2019humanit\u00e9 toute enti\u00e8re en ce d\u00e9but de 2020 &#8230;.<\/p>\n<ul>\n<li>Un autre POSTULAT : \u00eatre Physicien c\u2019est aussi pratiquer la \u00ab philosophie \u00bb, c\u2019est-\u00e0-dire ne pas h\u00e9siter \u00e0 revenir r\u00e9guli\u00e8rement sur les grandes questions existentielles, en se penchant en particulier sur les id\u00e9es d\u00e9velopp\u00e9es par les grands penseurs qui ont laiss\u00e9 des traces et les mettre en pratique dans le quotidien..<\/li>\n<li>\u00catre Physicien au 20\u00e8me si\u00e8cle c&rsquo;est consid\u00e9rer avec circonspection les id\u00e9es et ouvrages des penseurs du pass\u00e9 qui ont accord\u00e9 si peu d&rsquo;importance \u00e0 la dimension globale de l&rsquo;humain. Toute id\u00e9e, attitude ou syst\u00e8me de pens\u00e9e qui laisserait de c\u00f4t\u00e9 l&rsquo;approche \u00ab\u00a0f\u00e9minine\u00a0\u00bb, me para\u00eet indigne d&rsquo;int\u00e9r\u00eat. L&rsquo;histoire des id\u00e9es est une \u00ab\u00a0pr\u00e9histoire\u00a0\u00bb jusqu&rsquo;au 20\u00e8me si\u00e8cle, pour avoir ignor\u00e9 l&rsquo;apport des femmes. Je consid\u00e8re que la diff\u00e9renciation physiologique que la \u00ab\u00a0nature\u00a0\u00bb a bricol\u00e9 pour assurer la reproduction, ne doit pas \u00eatre le pr\u00e9texte d&rsquo;une quelconque discrimination. Tout \u00eatre humain a une part de masculin et de f\u00e9minin. L&rsquo;\u00e9volution va-t-elle vers une disparition de la tr\u00e8s injuste domination masculine? L&rsquo;observation du monde ne permet pas de l&rsquo;affirmer.<\/li>\n<li>Last but not least : vivre en Physicien c\u2019est aussi pratiquer \u00ab\u00a0l&rsquo;exercice corporel\u00a0\u00bb. Rien de tel pour mettre de l\u2019ordre dans ses pens\u00e9es, qu\u2019une randonn\u00e9e dans la nature.<\/li>\n<\/ul>\n\n<div class=\"wp-block-image\">\n<figure class=\"aligncenter size-large\"><img loading=\"lazy\" decoding=\"async\" width=\"1024\" height=\"768\" src=\"http:\/\/jfon.fr\/wp-content\/uploads\/2019\/12\/Zell-Harmersbach-8-1024x768.jpg\" alt=\"\" class=\"wp-image-1877\" srcset=\"https:\/\/jfon.fr\/wp-content\/uploads\/2019\/12\/Zell-Harmersbach-8-1024x768.jpg 1024w, https:\/\/jfon.fr\/wp-content\/uploads\/2019\/12\/Zell-Harmersbach-8-300x225.jpg 300w, https:\/\/jfon.fr\/wp-content\/uploads\/2019\/12\/Zell-Harmersbach-8-768x576.jpg 768w\" sizes=\"(max-width: 767px) 89vw, (max-width: 1000px) 54vw, (max-width: 1071px) 543px, 580px\" \/><figcaption class=\"wp-element-caption\"><em>Randonn\u00e9e automnale en For\u00eat Noire<\/em><\/figcaption><\/figure><\/div>","protected":false},"excerpt":{"rendered":"<p>\u00ab La Physique, c\u2019est vraiment compliqu\u00e9, je n\u2019y comprends rien \u00bb. J&rsquo;ai souvent entendu cette affirmation. La fa\u00e7on dont cette discipline est enseign\u00e9e \u00e0 l\u2019\u00e9cole, en est-elle la cause ou est-ce la tendance naturelle de notre cerveau \u00e0 chercher satisfaction dans ce qui demande le moins d\u2019effort ? La Physique demande un effort, mais apr\u00e8s &hellip; <\/p>\n<p class=\"link-more\"><a href=\"https:\/\/jfon.fr\/index.php\/physique-preambule\/vivre-en-physicien-quest-a-dire\/\" class=\"more-link\">Continuer la lecture<span class=\"screen-reader-text\"> de &laquo;&nbsp;1-Vivre en Physicien&nbsp;&raquo;<\/span><\/a><\/p>\n","protected":false},"author":1,"featured_media":0,"parent":1802,"menu_order":0,"comment_status":"closed","ping_status":"closed","template":"","meta":{"footnotes":""},"_links":{"self":[{"href":"https:\/\/jfon.fr\/index.php\/wp-json\/wp\/v2\/pages\/2608"}],"collection":[{"href":"https:\/\/jfon.fr\/index.php\/wp-json\/wp\/v2\/pages"}],"about":[{"href":"https:\/\/jfon.fr\/index.php\/wp-json\/wp\/v2\/types\/page"}],"author":[{"embeddable":true,"href":"https:\/\/jfon.fr\/index.php\/wp-json\/wp\/v2\/users\/1"}],"replies":[{"embeddable":true,"href":"https:\/\/jfon.fr\/index.php\/wp-json\/wp\/v2\/comments?post=2608"}],"version-history":[{"count":56,"href":"https:\/\/jfon.fr\/index.php\/wp-json\/wp\/v2\/pages\/2608\/revisions"}],"predecessor-version":[{"id":8084,"href":"https:\/\/jfon.fr\/index.php\/wp-json\/wp\/v2\/pages\/2608\/revisions\/8084"}],"up":[{"embeddable":true,"href":"https:\/\/jfon.fr\/index.php\/wp-json\/wp\/v2\/pages\/1802"}],"wp:attachment":[{"href":"https:\/\/jfon.fr\/index.php\/wp-json\/wp\/v2\/media?parent=2608"}],"curies":[{"name":"wp","href":"https:\/\/api.w.org\/{rel}","templated":true}]}}