{"id":1802,"date":"2019-12-17T10:36:27","date_gmt":"2019-12-17T09:36:27","guid":{"rendered":"http:\/\/jfon.fr\/?page_id=1802"},"modified":"2025-12-15T17:51:57","modified_gmt":"2025-12-15T16:51:57","slug":"physique-preambule","status":"publish","type":"page","link":"https:\/\/jfon.fr\/index.php\/physique-preambule\/","title":{"rendered":"02-\u00caTRE et SAVOIR"},"content":{"rendered":"<div class=\"wp-block-image\">\n<figure class=\"aligncenter size-large\"><img loading=\"lazy\" decoding=\"async\" width=\"1024\" height=\"166\" src=\"http:\/\/jfon.fr\/wp-content\/uploads\/2021\/05\/VO-D_Museum-diffraction-1024x354-2.jpg\" alt=\"\" class=\"wp-image-4423\" srcset=\"https:\/\/jfon.fr\/wp-content\/uploads\/2021\/05\/VO-D_Museum-diffraction-1024x354-2.jpg 1024w, https:\/\/jfon.fr\/wp-content\/uploads\/2021\/05\/VO-D_Museum-diffraction-1024x354-2-300x49.jpg 300w, https:\/\/jfon.fr\/wp-content\/uploads\/2021\/05\/VO-D_Museum-diffraction-1024x354-2-768x125.jpg 768w\" sizes=\"(max-width: 767px) 89vw, (max-width: 1000px) 54vw, (max-width: 1071px) 543px, 580px\" \/><figcaption class=\"wp-element-caption\"><em>La diffraction de la lumi\u00e8re blanche par une fente fait appara\u00eetre tout le spectre des couleurs.<\/em><\/figcaption><\/figure><\/div>\n\n\n<h3 class=\"wp-block-heading\">Une d\u00e9finition<\/h3>\n\n\n\n<p>&nbsp;Physique&nbsp;&nbsp;vient du mot grec ancien \u03c6\u03c5\u03c3\u03b9\u03ba\u03ae (phusik\u1ebf ) qui signifie \u00ab <strong>Connaissance de la Nature<\/strong> \u00bb (wkpd). C\u2019\u00e9tait dans la Gr\u00e8ce antique, une des 3 branches de la PHILOSOPHIE, avec l\u2019 \u00c9thique et la Logique . Aujourd\u2019hui on pourrait d\u00e9finir la physique comme l\u2019\u00e9tude de l\u2019univers et de ses constituants, de l\u2019infiniment petit \u00e0 l\u2019infiniment grand ainsi que les lois de son \u00e9volution temporelle et spatiale, \u00e0 l&rsquo;exclusion des ph\u00e9nom\u00e8nes li\u00e9s au \u00abvivant\u00bb.&nbsp;<\/p>\n\n\n<p>Un r\u00e9sum\u00e9 des notions de base : [ <a href=\"http:\/\/jfon.fr\/wp-content\/uploads\/2019\/12\/Physique-Notions-de-base.pdf\">Physique-Notions de base<\/a> ]<\/p>\n\n\n<figure class=\"wp-block-image size-large\"><img loading=\"lazy\" decoding=\"async\" width=\"1024\" height=\"580\" src=\"http:\/\/jfon.fr\/wp-content\/uploads\/2021\/05\/image-1024x580.png\" alt=\"\" class=\"wp-image-4209\" srcset=\"https:\/\/jfon.fr\/wp-content\/uploads\/2021\/05\/image-1024x580.png 1024w, https:\/\/jfon.fr\/wp-content\/uploads\/2021\/05\/image-300x170.png 300w, https:\/\/jfon.fr\/wp-content\/uploads\/2021\/05\/image-768x435.png 768w, https:\/\/jfon.fr\/wp-content\/uploads\/2021\/05\/image-1536x871.png 1536w, https:\/\/jfon.fr\/wp-content\/uploads\/2021\/05\/image-2048x1161.png 2048w\" sizes=\"(max-width: 767px) 89vw, (max-width: 1000px) 54vw, (max-width: 1071px) 543px, 580px\" \/><figcaption class=\"wp-element-caption\">Un autre r\u00e9sum\u00e9 illustr\u00e9 par [ <a href=\"https:\/\/dominicwalliman.com\/post\/153828312160\/here-is-the-map-of-physics-as-an-image\">Dominic Walliman<\/a> ]<\/figcaption><\/figure>\n\n\n\n<p>La complexit\u00e9 de notre monde est infinie \u00e0 l\u2019\u00e9chelle des capacit\u00e9s humaines. La preuve en est encore apport\u00e9e avec la crise sanitaire de mars 2020, lorsqu&rsquo;un arrangement mol\u00e9culaire, pas plus grand qu&rsquo;un centi\u00e8me de micron, baptis\u00e9 SARS-CoV-19, vient mettre \u00e0 genoux l&rsquo;humanit\u00e9 toute enti\u00e8re. <br>Une attitude devant ce constat, consiste \u00e0 renoncer \u00e0 comprendre, \u00e9voquer un cr\u00e9ateur et\/ou vivre sa vie animale sans trop se poser plus de questions. Une autre consiste \u00e0 se poser des questions en permanence tout en restant conscient qu\u2019il s\u2019agit l\u00e0 d\u2019une qu\u00eate sans fin. Assumer notre part d&rsquo;humain nous conduit \u00e0 choisir la deuxi\u00e8me voie et les m\u00e9tiers d\u2019enseignant et de chercheur nous mettent naturellement dans cette deuxi\u00e8me situation sans que ce soit la condition&nbsp;<em>sine qua non<\/em>. En pratique, la prise de conscience de l&rsquo;immensit\u00e9 de la t\u00e2che et de nos limites dans ce questionement, l&rsquo;imp\u00e9rieux besoin des humains de se positionner dans une dur\u00e9e qui va au-del\u00e0 de leur propre existence, peut amener, m\u00eame les plus \u00e9rudits \u00e0 une qu\u00eate m\u00e9taphysique voire \u00ab\u00a0spirituelle\u00a0\u00bb.&nbsp;<br>L\u2019activit\u00e9 p\u00e9dagogique, en particulier, contraint \u00e0 revenir constamment aux notions les plus fondamentales qui sont pour le Physicien, l&rsquo;<strong>\u00e9nergie<\/strong>, la <strong>mati\u00e8re<\/strong>, l&rsquo;<strong>espace<\/strong>, le <strong>temps<\/strong>. Avoir une vision globale et compl\u00e8te du \u00ab&nbsp;Monde&nbsp;\u00bb et de ses lois pour s\u2019adapter aux situations concr\u00e8tes et complexes est t\u00e2che impossible. On voudrait acc\u00e9der au \u00ab&nbsp;r\u00e9el&nbsp;\u00bb mais le r\u00e9el nous est-il accessible?  La Physique est une voie pour s&rsquo;en approcher. Une bonne connaissance de ses lois est indispensable \u00e0 l\u2019ing\u00e9nieur et au chercheur et un philosophe pragmatique ne pourra pas non plus s&rsquo;en passer. De m\u00eame, toute personne curieuse des rouages du monde dans lequel il\/elle \u00e9volue devra toujours y retourner, car le monde est avant tout \u00ab\u00a0physique\u00a0\u00bb, ce que \u00ab\u00a0croit\u00a0\u00bb en tout cas le Physicien.<br>Comment et par quoi commencer ? Je propose une approche bas\u00e9e sur l&rsquo;\u00e9tude d&rsquo;une loi physique qui me para\u00eet fondamentale, la&nbsp;<strong>loi de la r\u00e9sonance,<\/strong>&nbsp;loi observ\u00e9e \u00e0 toutes les \u00e9chelles de la Physique et \u00e9galement dans maintes situations non physiques.<br>Tout syst\u00e8me physique subit des oscillations autour de son \u00e9tat d\u2019\u00e9quilibre. Ces oscillations, ou <strong>vibrations<\/strong> sont une manifestation de l\u2019\u00e9nergie qu&rsquo;il contient. Cette \u00e9nergie s\u2019en \u00e9chappe parfois pour donner naissance \u00e0 des <strong>ondes<\/strong>. L\u2019\u00e9tude des vibrations et des ondes est un pr\u00e9requis indispensable \u00e0 tout cursus d\u2019ing\u00e9nieur; c&rsquo;est aussi l&rsquo;une des cl\u00e9s de la compr\u00e9hension de l&rsquo;univers. Une description pragmatique de la physique pourrait \u00eatre une pr\u00e9sentation organis\u00e9e autour de ces notions.<\/p>\n\n\n\n<h4 class=\"wp-block-heading\">R\u00e9f\u00e9rences<\/h4>\n\n\n\n<p>Sur la physique, comme dans d&rsquo;autres domaines, il est facile de progresser dans nos connaissances avec une encyclop\u00e9die en ligne comme&nbsp;<em>wikipedia<\/em>. Il existe aussi de nombreux ouvrages g\u00e9n\u00e9ralistes. A c\u00f4t\u00e9 des s\u00e9ries adapt\u00e9es \u00e0 l\u2019enseignement de la physique en 1<sup>er<\/sup>&nbsp;et 2<sup>\u00e8me<\/sup>cycles universitaires et en \u00e9coles d\u2019ing\u00e9nieurs (Feynman, Benson, J.-Ph. P\u00e9rez, &#8230;.) les ouvrages suivants sont particuli\u00e8rement instructifs :<\/p>\n\n\n\n<p>\u00ab&nbsp;<em>Toute la Physique&nbsp;<\/em>\u00bb, H. St\u00f6cker, F. Jundt, G. Guillaume, Dunod, ISBN 2 10 003942 3<\/p>\n\n\n\n<p>\u00ab&nbsp;<em>Mati\u00e8re et mat\u00e9riaux, de quoi est fait le monde?&nbsp;<\/em>\u00bb, sous la direction d&rsquo;Etienne Guyon, Belin : Pour la science, 2010, ISBN 978-2-7011-5182-3<\/p>\n\n\n\n<p>\u00ab&nbsp;<em>De l\u2019atome antique \u00e0 l\u2019atome physique, A la recherche des myst\u00e8res de la mati\u00e8re&nbsp;<\/em>\u00bb, C. Gruber, Ph-A. Martin, Presses polytechniques et universitaires romandes, ISBN 978-2-88915-003-8<\/p>\n\n\n\n<p>\u00ab&nbsp;<em>Trait\u00e9 de la lumi\u00e8re&nbsp;<\/em>\u00bb, L. Zuppiroli, M-N. Bussac, Presses polytechniques et universitaires romandes, ISBN 978-2-88074-801-2.<\/p>\n\n\n<div class=\"wp-block-image\">\n<figure class=\"aligncenter size-large\"><img loading=\"lazy\" decoding=\"async\" width=\"1024\" height=\"450\" src=\"http:\/\/jfon.fr\/wp-content\/uploads\/2021\/05\/IMG_0112-1024x450.jpg\" alt=\"\" class=\"wp-image-4432\" srcset=\"https:\/\/jfon.fr\/wp-content\/uploads\/2021\/05\/IMG_0112-1024x450.jpg 1024w, https:\/\/jfon.fr\/wp-content\/uploads\/2021\/05\/IMG_0112-300x132.jpg 300w, https:\/\/jfon.fr\/wp-content\/uploads\/2021\/05\/IMG_0112-768x338.jpg 768w, https:\/\/jfon.fr\/wp-content\/uploads\/2021\/05\/IMG_0112.jpg 1035w\" sizes=\"(max-width: 767px) 89vw, (max-width: 1000px) 54vw, (max-width: 1071px) 543px, 580px\" \/><figcaption class=\"wp-element-caption\"><em>La Physique nous r\u00e9v\u00e8le l&rsquo;invisible : L&rsquo;atome et ses constituants<\/em><\/figcaption><\/figure><\/div>\n\n\n<h4 class=\"wp-block-heading\">Questionnement<\/h4>\n\n\n\n<h5 class=\"wp-block-heading\">Relativit\u00e9<\/h5>\n\n\n\n<p>Rien ne peut se d\u00e9placer plus vite que la \u00ab\u00a0lumi\u00e8re\u00a0\u00bb. c=(approximativement) 300 000km\/s. Vraiment?<\/p>\n\n\n\n<h5 class=\"wp-block-heading\">Gravitation<\/h5>\n\n\n\n<p>Newton : les corps (dot\u00e9s d&rsquo;une \u00ab\u00a0masse\u00a0\u00bb) s&rsquo;attirent. Il en r\u00e9sulte une force qui agit \u00e0 distance.<br>Einstein : Un corps massif modifie l&rsquo;espace qui l&rsquo;entoure. Il en r\u00e9sulte un champ auquel sera sensible un autre corps (qui lui m\u00eame a son propre champ). <\/p>\n\n\n\n<h5 class=\"wp-block-heading\">Le temps<\/h5>\n\n\n\n<p>Qu&rsquo;est-ce que le temps?<br>\u00ab\u00a0<em>Si personne ne me le demande, je le sais, mais si on me le demande, et que je veuille l&rsquo;expliquer, je ne le sais plus.<\/em>\u00ab\u00a0(disait Saint-Augustin)<br>Faut-il vraiment \u00ab\u00a0expliquer\u00a0\u00bb une notion si intuitive?<br>Ne confond-t-on pas l&rsquo;instant (l&rsquo;indication de l&rsquo;horloge) et le processus d&rsquo;\u00e9volution des ph\u00e9nom\u00e8nes?<br>Comment d\u00e9finir la simultan\u00e9it\u00e9 de 2 \u00e9v\u00e8nements?<\/p>\n\n\n\n<p>Dilatation du temps<br>Si je bouge ( par rapport \u00e0 quoi?) mon temps ralentit &#8230;. notion inaccessible \u00e0 notre entendement.<\/p>\n\n\n\n<h5 class=\"wp-block-heading\">Espace<\/h5>\n\n\n\n<p>Entit\u00e9 fondamentale dont nous avons une connaissance intuitive <br>Question : son \u00e9tendue? finie-infinie?<br>Comment d\u00e9finir un rep\u00e8re si tout bouge par rapport \u00e0 tout?<br>De quoi l&rsquo;espace est-il constitu\u00e9? Cette question a-telle un sens? <br>L&rsquo;espace se contracte &#8230;. dit la th\u00e9orie de la relativit\u00e9. Comme pour le temps qui se dilate ou se contracte, nos instruments nous permettent de le v\u00e9rifier, mais notre entendement ne suit pas.<\/p>\n\n\n\n<h5 class=\"wp-block-heading\">Intrication quantique<\/h5>\n\n\n\n<p>Le plus grand myst\u00e8re de la r\u00e9alit\u00e9 physique&#8230;  incompr\u00e9hensible &#8230; mais v\u00e9rifi\u00e9 &#8230; d&rsquo;apr\u00e8s l&rsquo;exp\u00e9rience r\u00e9alis\u00e9e par Alain Aspect &#8230;. : deux entit\u00e9s (?) peuvent rester corr\u00e9l\u00e9es, quelle que soit la distance qui les s\u00e9pare. \u00ab\u00a0quelque chose\u00a0\u00bb peut passer instantan\u00e9ment de l&rsquo;un \u00e0 l&rsquo;autre, quelle que soit la distance qui les s\u00e9pare.<\/p>\n\n\n\n<h5 class=\"wp-block-heading\">Energie &#8211; champ quantique<\/h5>\n\n\n\n<p>Un sujet de r\u00e9flexion qui ne sera jamais \u00e9puis\u00e9 &#8230;..<\/p>\n","protected":false},"excerpt":{"rendered":"<p>Une d\u00e9finition &nbsp;Physique&nbsp;&nbsp;vient du mot grec ancien \u03c6\u03c5\u03c3\u03b9\u03ba\u03ae (phusik\u1ebf ) qui signifie \u00ab Connaissance de la Nature \u00bb (wkpd). C\u2019\u00e9tait dans la Gr\u00e8ce antique, une des 3 branches de la PHILOSOPHIE, avec l\u2019 \u00c9thique et la Logique . Aujourd\u2019hui on pourrait d\u00e9finir la physique comme l\u2019\u00e9tude de l\u2019univers et de ses constituants, de l\u2019infiniment petit &hellip; <\/p>\n<p class=\"link-more\"><a href=\"https:\/\/jfon.fr\/index.php\/physique-preambule\/\" class=\"more-link\">Continuer la lecture<span class=\"screen-reader-text\"> de &laquo;&nbsp;02-\u00caTRE et SAVOIR&nbsp;&raquo;<\/span><\/a><\/p>\n","protected":false},"author":1,"featured_media":0,"parent":0,"menu_order":0,"comment_status":"closed","ping_status":"closed","template":"","meta":{"footnotes":""},"_links":{"self":[{"href":"https:\/\/jfon.fr\/index.php\/wp-json\/wp\/v2\/pages\/1802"}],"collection":[{"href":"https:\/\/jfon.fr\/index.php\/wp-json\/wp\/v2\/pages"}],"about":[{"href":"https:\/\/jfon.fr\/index.php\/wp-json\/wp\/v2\/types\/page"}],"author":[{"embeddable":true,"href":"https:\/\/jfon.fr\/index.php\/wp-json\/wp\/v2\/users\/1"}],"replies":[{"embeddable":true,"href":"https:\/\/jfon.fr\/index.php\/wp-json\/wp\/v2\/comments?post=1802"}],"version-history":[{"count":72,"href":"https:\/\/jfon.fr\/index.php\/wp-json\/wp\/v2\/pages\/1802\/revisions"}],"predecessor-version":[{"id":9360,"href":"https:\/\/jfon.fr\/index.php\/wp-json\/wp\/v2\/pages\/1802\/revisions\/9360"}],"wp:attachment":[{"href":"https:\/\/jfon.fr\/index.php\/wp-json\/wp\/v2\/media?parent=1802"}],"curies":[{"name":"wp","href":"https:\/\/api.w.org\/{rel}","templated":true}]}}